{"id":87,"date":"2017-02-20T16:16:47","date_gmt":"2017-02-20T16:16:47","guid":{"rendered":"http:\/\/taichiresearchinstitute.ca\/?page_id=87"},"modified":"2020-02-11T21:37:46","modified_gmt":"2020-02-11T21:37:46","slug":"accueil","status":"publish","type":"page","link":"http:\/\/taichiresearchinstitute.ca\/fr\/","title":{"rendered":"Accueil"},"content":{"rendered":"<div id=\"pl-87\"  class=\"panel-layout\" ><div id=\"pg-87-0\"  class=\"panel-grid panel-no-style\" ><div id=\"pgc-87-0-0\"  class=\"panel-grid-cell\" ><div id=\"panel-87-0-0-0\" class=\"so-panel widget widget_sow-editor panel-first-child panel-last-child\" data-index=\"0\" ><div class=\"so-widget-sow-editor so-widget-sow-editor-base\">\n<div class=\"siteorigin-widget-tinymce textwidget\">\n\t<h1 style=\"text-align: center;\"><img loading=\"lazy\" class=\"size-full wp-image-70 aligncenter\" src=\"http:\/\/taichiresearchinstitute.ca\/wp-content\/uploads\/2017\/02\/yingandyang-circle-small-2.png\" alt=\"taichi circle image\" width=\"80\" height=\"78\" srcset=\"http:\/\/taichiresearchinstitute.ca\/wp-content\/uploads\/2017\/02\/yingandyang-circle-small-2.png 80w, http:\/\/taichiresearchinstitute.ca\/wp-content\/uploads\/2017\/02\/yingandyang-circle-small-2-60x60.png 60w\" sizes=\"(max-width: 80px) 100vw, 80px\" \/><\/h1>\n<h1 style=\"text-align: center;\">Institut de Recherche Tai Chi<\/h1>\n<h2 style=\"text-align: center;\"><strong>DANS LES PAS DE MAITRE TAM<\/strong><\/h2>\n<h3 style=\"text-align: center;\">Fond\u00e9 par Master Tam Cheuk Yin (1926-2016)<\/h3>\n<p><img loading=\"lazy\" class=\"size-full wp-image-130 aligncenter\" src=\"http:\/\/taichiresearchinstitute.ca\/wp-content\/uploads\/2017\/02\/Tam2-gb-1.png\" alt=\"M. Tanm image 1\" width=\"230\" height=\"300\" \/><\/p>\n<p style=\"text-align: justify;\">M. Tam (1926-2016) est n\u00e9 en Guangzhou, une province de Canton. Il a \u00e9tudi\u00e9 5 ans avec M. Wong, lign\u00e9e Yang Chen Fu, et 10 ans avec M. Leung Chi-Pang \u00e0 Hong Kong.<\/p>\n<p>Il est arriv\u00e9 au Canada en 1969. Il a fond\u00e9 l\u2019Institut de Recherche en Tai Chi en 2000.<\/p>\n<p><img loading=\"lazy\" class=\"size-full wp-image-133 aligncenter\" src=\"http:\/\/taichiresearchinstitute.ca\/wp-content\/uploads\/2017\/02\/big-swirl.png\" alt=\"swirl image\" width=\"400\" height=\"35\" srcset=\"http:\/\/taichiresearchinstitute.ca\/wp-content\/uploads\/2017\/02\/big-swirl.png 400w, http:\/\/taichiresearchinstitute.ca\/wp-content\/uploads\/2017\/02\/big-swirl-300x26.png 300w\" sizes=\"(max-width: 400px) 100vw, 400px\" \/><\/p>\n<h2 style=\"text-align: center;\">Horaire des Cours<\/h2>\n<h3><strong>Tai Chi Chuan. Style Yang.<\/strong><\/h3>\n<p><strong>Les mercredis, 18:00 - 19:00<\/strong><\/p>\n<div style=\"clear: both;\">\u00a0<\/div>\n<p><strong>A NOTER<\/strong>:\u00a0 On a d\u00e9m\u00e9nag\u00e9 sur le Plateau. Pour plus de d\u00e9tails veuillez \u00e9crire\u00a0 au courriel en bas.<\/p>\n<ul>\n<li>Enseignement par des \u00e9l\u00e8ves finissants de M. Tam Cheuk Ying l'importance \u00e9tant mise sur les principes de base du tai chi chuan.<\/li>\n<li>\u201cDrop-ins\u201d et d\u00e9butants sont les bienvenus.<\/li>\n<li>$10\/cours. Le premier cours est gratuit.<\/li>\n<\/ul>\n<p><strong>Nous joindre - courriel: <a href=\"mailto:lweil22@gmail.com\"><span class=\"gI\"><span class=\"go\">lweil22@gmail.com<\/span><\/span><\/a><\/strong><\/p>\n<hr \/>\n<h2 style=\"text-align: center;\"><strong>Tai Chi Chuan<br \/><\/strong><\/h2>\n<p style=\"text-align: justify;\">Le Tai Chi est une discipline Chinoise ancienne qui consiste en une s\u00e9rie continue de mouvements m\u00e9ditatifs. C\u2019est un art martial interne qui d\u00e9veloppe la force int\u00e9rieure, la concentration, l\u2019enracinement, l\u2019\u00e9quilibre mental et la vitalit\u00e9. Il augmente la circulation du sang, stimule l\u2019activit\u00e9 des glandes et du syst\u00e8me nerveux et masse les organes internes.<\/p>\n<hr \/>\n<\/div>\n<\/div><\/div><\/div><\/div><div id=\"pg-87-1\"  class=\"panel-grid panel-no-style\" ><div id=\"pgc-87-1-0\"  class=\"panel-grid-cell\" ><div id=\"panel-87-1-0-0\" class=\"so-panel widget widget_black-studio-tinymce widget_black_studio_tinymce panel-first-child\" data-index=\"1\" ><div class=\"textwidget\"><div style=\"text-align: justify;\">\n<h2 style=\"text-align: center;\">T\u00e9moignages<\/h2>\n<h3><img class=\"size-full wp-image-99 alignleft\" src=\"http:\/\/taichiresearchinstitute.ca\/wp-content\/uploads\/2017\/02\/page-ornament-small.png\" alt=\"\" width=\"80\" height=\"80\" \/><strong>F. Dansereau.<\/strong><\/h3>\n<p>\u201cMonsieur Tam m\u2019aura appris \u00e0 d\u00e9couvrir mon \u00e9nergie, \u00e0 en ressentir les multiples variations, \u00e0 apercevoir comment elle se relie aux autres et \u00e0 pressentir comment elle s\u2019int\u00e8gre au reste de l\u2019univers. Tout cela sans jamais dire un mot ou \u00e9noncer la moindre th\u00e9orie. J\u2019aurai fr\u00e9quent\u00e9 pendant vingt cinq ans environ son atelier de Tai-chi. ...Il m\u2019a fait d\u00e9couvrir que cette \u00e9nergie est d\u2019abord intention et que la qualit\u00e9 de mon intention conditionne mon bonheur et influence celui des autres. C\u2019est un ma\u00eetre, un v\u00e9ritable ma\u00eetre et je lui garde une profonde reconnaissance.\u201d<\/p>\n<\/div>\n<\/div><\/div><div id=\"panel-87-1-0-1\" class=\"so-panel widget widget_black-studio-tinymce widget_black_studio_tinymce panel-last-child\" data-index=\"2\" ><div class=\"textwidget\"><div style=\"text-align: justify;\">\n<h3><img class=\"size-full wp-image-99 alignleft\" src=\"http:\/\/taichiresearchinstitute.ca\/wp-content\/uploads\/2017\/02\/page-ornament-small.png\" alt=\"\" width=\"80\" height=\"80\" \/><strong>L. Monaco.<\/strong><\/h3>\n<p>\u201cJ\u2019ai commenc\u00e9 le tai-chi avec M. Tam en novembre 2002. J\u2019\u00e9tais une \u2018nouvelle\u2019 m\u00e8re c\u00e9libataire \u00e0 ce moment, de retour \u00e0 Montr\u00e9al apr\u00e8s un coup d\u2019\u00e9tat en C\u00f4te d\u2019Ivoire, pays dans lequel je vivais, et je commen\u00e7ais un nouvel emploi dans une compagnie d\u2019assurance. J\u2019\u00e9tais alors tr\u00e8s, tr\u00e8s nerveuse. Apr\u00e8s quelques mois et surtout apr\u00e8s quelques ann\u00e9es, mon adolescente savait quand je manquais la classe de tai-chi. Et ma fille avait l\u2019habitude de me dire : <em>\u201cvas-y, vas-y\u2026 C\u2019est ce soir\u201d<\/em> car sans le tai-chi, j\u2019\u00e9tais insupportable. Avec le temps et la pratique, j\u2019ai ressenti une sensation de d\u00e9tente. Enfin, M. Tam a arr\u00eat\u00e9 de me dire de m\u2019\u00e9tirer et j\u2019ai eu le sentiment que j\u2019int\u00e9grais le tai-chi dans mon corps. Je commence \u00e0 sentir quelque chose qui part de mes orteils et parfois qui monte dans mes jambes. J\u2019esp\u00e8re que cette sensation s\u2019intensifiera parce que c\u2019est une sorte de joie pour moi.\u201d<\/p>\n<p>\u00a0<\/p>\n<p style=\"text-align: left;\"><a href=\"http:\/\/taichiresearchinstitute.ca\/fr\/testimonials\/\"><strong>Lire plus de t\u00e9moignages<\/strong> ...<\/a><\/p>\n<\/div>\n<div style=\"clear: both;\">\u00a0<\/div>\n<p><script>\n  (function(i,s,o,g,r,a,m){i['GoogleAnalyticsObject']=r;i[r]=i[r]||function(){\n  (i[r].q=i[r].q||[]).push(arguments)},i[r].l=1*new Date();a=s.createElement(o),\n  m=s.getElementsByTagName(o)[0];a.async=1;a.src=g;m.parentNode.insertBefore(a,m)\n  })(window,document,'script','https:\/\/www.google-analytics.com\/analytics.js','ga');<\/p>\n<p>  ga('create', 'UA-105081715-1', 'auto');\n  ga('send', 'pageview');<\/p>\n<p><\/script><\/p>\n<\/div><\/div><\/div><\/div><\/div>","protected":false},"excerpt":{"rendered":"<p>Institut de Recherche Tai ChiDANS LES PAS DE MAITRE TAMFond\u00e9 par Master Tam Cheuk Yin (1926-2016)M. Tam (1926-2016) est n\u00e9 en Guangzhou, une province de Canton. Il a \u00e9tudi\u00e9 5 ans avec M. Wong, lign\u00e9e Yang Chen Fu, et 10 &hellip; <a href=\"http:\/\/taichiresearchinstitute.ca\/fr\/\">Lire la suite<\/a><\/p>\n","protected":false},"author":1,"featured_media":0,"parent":0,"menu_order":0,"comment_status":"closed","ping_status":"closed","template":"","meta":[],"yoast_head":"<!-- This site is optimized with the Yoast SEO plugin v17.3 - https:\/\/yoast.com\/wordpress\/plugins\/seo\/ -->\n<title>Yang style form of 108 movements. Instructions from senior students of Master Tam CheukYing<\/title>\n<meta name=\"description\" content=\"Yang style form of 108 movements. Instructions from senior students of Master Tam CheukYing with emphasis on the principles of Tai Chi Chuan.\" \/>\n<meta name=\"robots\" content=\"index, follow, max-snippet:-1, max-image-preview:large, max-video-preview:-1\" \/>\n<link rel=\"canonical\" href=\"http:\/\/taichiresearchinstitute.ca\/fr\/\" \/>\n<meta property=\"og:locale\" content=\"fr_FR\" \/>\n<meta property=\"og:type\" content=\"article\" \/>\n<meta property=\"og:title\" content=\"Yang style form of 108 movements. Instructions from senior students of Master Tam CheukYing\" \/>\n<meta property=\"og:description\" content=\"Yang style form of 108 movements. Instructions from senior students of Master Tam CheukYing with emphasis on the principles of Tai Chi Chuan.\" \/>\n<meta property=\"og:url\" content=\"http:\/\/taichiresearchinstitute.ca\/fr\/\" \/>\n<meta property=\"og:site_name\" content=\"Taichi Research Institute\" \/>\n<meta property=\"article:modified_time\" content=\"2020-02-11T21:37:46+00:00\" \/>\n<meta property=\"og:image\" content=\"http:\/\/taichiresearchinstitute.ca\/wp-content\/uploads\/2017\/02\/yingandyang-circle-small-2.png\" \/>\n<meta name=\"twitter:card\" content=\"summary\" \/>\n<meta name=\"twitter:label1\" content=\"Dur\u00e9e de lecture estim\u00e9e\" \/>\n\t<meta name=\"twitter:data1\" content=\"3 minutes\" \/>\n<script type=\"application\/ld+json\" class=\"yoast-schema-graph\">{\"@context\":\"https:\/\/schema.org\",\"@graph\":[{\"@type\":\"WebSite\",\"@id\":\"https:\/\/taichiresearchinstitute.ca\/#website\",\"url\":\"https:\/\/taichiresearchinstitute.ca\/\",\"name\":\"Taichi Research Institute\",\"description\":\"\",\"potentialAction\":[{\"@type\":\"SearchAction\",\"target\":{\"@type\":\"EntryPoint\",\"urlTemplate\":\"https:\/\/taichiresearchinstitute.ca\/?s={search_term_string}\"},\"query-input\":\"required name=search_term_string\"}],\"inLanguage\":\"fr-FR\"},{\"@type\":\"ImageObject\",\"@id\":\"http:\/\/taichiresearchinstitute.ca\/fr\/#primaryimage\",\"inLanguage\":\"fr-FR\",\"url\":\"http:\/\/taichiresearchinstitute.ca\/wp-content\/uploads\/2017\/02\/yingandyang-circle-small-2.png\",\"contentUrl\":\"http:\/\/taichiresearchinstitute.ca\/wp-content\/uploads\/2017\/02\/yingandyang-circle-small-2.png\",\"width\":80,\"height\":78},{\"@type\":\"WebPage\",\"@id\":\"http:\/\/taichiresearchinstitute.ca\/fr\/#webpage\",\"url\":\"http:\/\/taichiresearchinstitute.ca\/fr\/\",\"name\":\"Yang style form of 108 movements. Instructions from senior students of Master Tam CheukYing\",\"isPartOf\":{\"@id\":\"https:\/\/taichiresearchinstitute.ca\/#website\"},\"primaryImageOfPage\":{\"@id\":\"http:\/\/taichiresearchinstitute.ca\/fr\/#primaryimage\"},\"datePublished\":\"2017-02-20T16:16:47+00:00\",\"dateModified\":\"2020-02-11T21:37:46+00:00\",\"description\":\"Yang style form of 108 movements. Instructions from senior students of Master Tam CheukYing with emphasis on the principles of Tai Chi Chuan.\",\"breadcrumb\":{\"@id\":\"http:\/\/taichiresearchinstitute.ca\/fr\/#breadcrumb\"},\"inLanguage\":\"fr-FR\",\"potentialAction\":[{\"@type\":\"ReadAction\",\"target\":[\"http:\/\/taichiresearchinstitute.ca\/fr\/\"]}]},{\"@type\":\"BreadcrumbList\",\"@id\":\"http:\/\/taichiresearchinstitute.ca\/fr\/#breadcrumb\",\"itemListElement\":[{\"@type\":\"ListItem\",\"position\":1,\"name\":\"Home\",\"item\":\"http:\/\/taichiresearchinstitute.ca\/fr\/\"},{\"@type\":\"ListItem\",\"position\":2,\"name\":\"Accueil\"}]}]}<\/script>\n<!-- \/ Yoast SEO plugin. -->","yoast_head_json":{"title":"Yang style form of 108 movements. Instructions from senior students of Master Tam CheukYing","description":"Yang style form of 108 movements. Instructions from senior students of Master Tam CheukYing with emphasis on the principles of Tai Chi Chuan.","robots":{"index":"index","follow":"follow","max-snippet":"max-snippet:-1","max-image-preview":"max-image-preview:large","max-video-preview":"max-video-preview:-1"},"canonical":"http:\/\/taichiresearchinstitute.ca\/fr\/","og_locale":"fr_FR","og_type":"article","og_title":"Yang style form of 108 movements. Instructions from senior students of Master Tam CheukYing","og_description":"Yang style form of 108 movements. Instructions from senior students of Master Tam CheukYing with emphasis on the principles of Tai Chi Chuan.","og_url":"http:\/\/taichiresearchinstitute.ca\/fr\/","og_site_name":"Taichi Research Institute","article_modified_time":"2020-02-11T21:37:46+00:00","og_image":[{"url":"http:\/\/taichiresearchinstitute.ca\/wp-content\/uploads\/2017\/02\/yingandyang-circle-small-2.png"}],"twitter_card":"summary","twitter_misc":{"Dur\u00e9e de lecture estim\u00e9e":"3 minutes"},"schema":{"@context":"https:\/\/schema.org","@graph":[{"@type":"WebSite","@id":"https:\/\/taichiresearchinstitute.ca\/#website","url":"https:\/\/taichiresearchinstitute.ca\/","name":"Taichi Research Institute","description":"","potentialAction":[{"@type":"SearchAction","target":{"@type":"EntryPoint","urlTemplate":"https:\/\/taichiresearchinstitute.ca\/?s={search_term_string}"},"query-input":"required name=search_term_string"}],"inLanguage":"fr-FR"},{"@type":"ImageObject","@id":"http:\/\/taichiresearchinstitute.ca\/fr\/#primaryimage","inLanguage":"fr-FR","url":"http:\/\/taichiresearchinstitute.ca\/wp-content\/uploads\/2017\/02\/yingandyang-circle-small-2.png","contentUrl":"http:\/\/taichiresearchinstitute.ca\/wp-content\/uploads\/2017\/02\/yingandyang-circle-small-2.png","width":80,"height":78},{"@type":"WebPage","@id":"http:\/\/taichiresearchinstitute.ca\/fr\/#webpage","url":"http:\/\/taichiresearchinstitute.ca\/fr\/","name":"Yang style form of 108 movements. Instructions from senior students of Master Tam CheukYing","isPartOf":{"@id":"https:\/\/taichiresearchinstitute.ca\/#website"},"primaryImageOfPage":{"@id":"http:\/\/taichiresearchinstitute.ca\/fr\/#primaryimage"},"datePublished":"2017-02-20T16:16:47+00:00","dateModified":"2020-02-11T21:37:46+00:00","description":"Yang style form of 108 movements. Instructions from senior students of Master Tam CheukYing with emphasis on the principles of Tai Chi Chuan.","breadcrumb":{"@id":"http:\/\/taichiresearchinstitute.ca\/fr\/#breadcrumb"},"inLanguage":"fr-FR","potentialAction":[{"@type":"ReadAction","target":["http:\/\/taichiresearchinstitute.ca\/fr\/"]}]},{"@type":"BreadcrumbList","@id":"http:\/\/taichiresearchinstitute.ca\/fr\/#breadcrumb","itemListElement":[{"@type":"ListItem","position":1,"name":"Home","item":"http:\/\/taichiresearchinstitute.ca\/fr\/"},{"@type":"ListItem","position":2,"name":"Accueil"}]}]}},"_links":{"self":[{"href":"http:\/\/taichiresearchinstitute.ca\/fr\/wp-json\/wp\/v2\/pages\/87"}],"collection":[{"href":"http:\/\/taichiresearchinstitute.ca\/fr\/wp-json\/wp\/v2\/pages"}],"about":[{"href":"http:\/\/taichiresearchinstitute.ca\/fr\/wp-json\/wp\/v2\/types\/page"}],"author":[{"embeddable":true,"href":"http:\/\/taichiresearchinstitute.ca\/fr\/wp-json\/wp\/v2\/users\/1"}],"replies":[{"embeddable":true,"href":"http:\/\/taichiresearchinstitute.ca\/fr\/wp-json\/wp\/v2\/comments?post=87"}],"version-history":[{"count":16,"href":"http:\/\/taichiresearchinstitute.ca\/fr\/wp-json\/wp\/v2\/pages\/87\/revisions"}],"predecessor-version":[{"id":229,"href":"http:\/\/taichiresearchinstitute.ca\/fr\/wp-json\/wp\/v2\/pages\/87\/revisions\/229"}],"wp:attachment":[{"href":"http:\/\/taichiresearchinstitute.ca\/fr\/wp-json\/wp\/v2\/media?parent=87"}],"curies":[{"name":"wp","href":"https:\/\/api.w.org\/{rel}","templated":true}]}}