{"id":155,"date":"2017-02-22T03:38:08","date_gmt":"2017-02-22T03:38:08","guid":{"rendered":"http:\/\/taichiresearchinstitute.ca\/?page_id=155\/"},"modified":"2017-08-22T03:02:28","modified_gmt":"2017-08-22T03:02:28","slug":"testimonials","status":"publish","type":"page","link":"http:\/\/taichiresearchinstitute.ca\/fr\/testimonials\/","title":{"rendered":"T\u00e9moignages"},"content":{"rendered":"<div id=\"pl-155\"  class=\"panel-layout\" ><div id=\"pg-155-0\"  class=\"panel-grid panel-no-style\" ><div id=\"pgc-155-0-0\"  class=\"panel-grid-cell\" ><div id=\"panel-155-0-0-0\" class=\"so-panel widget widget_sow-editor panel-first-child\" data-index=\"0\" ><div class=\"so-widget-sow-editor so-widget-sow-editor-base\"><h3 class=\"widget-title\">T\u00e9moignages<\/h3>\n<div class=\"siteorigin-widget-tinymce textwidget\">\n\t<div style=\"text-align: justify;\">\n<h3><img loading=\"lazy\" class=\"size-full wp-image-99 alignleft\" src=\"http:\/\/taichiresearchinstitute.ca\/wp-content\/uploads\/2017\/02\/page-ornament-small.png\" alt=\"\" width=\"80\" height=\"80\" srcset=\"http:\/\/taichiresearchinstitute.ca\/wp-content\/uploads\/2017\/02\/page-ornament-small.png 80w, http:\/\/taichiresearchinstitute.ca\/wp-content\/uploads\/2017\/02\/page-ornament-small-60x60.png 60w\" sizes=\"(max-width: 80px) 100vw, 80px\" \/><strong>Germain Poirier.<\/strong><\/h3>\n<p>\u201cJe serai toujours reconnaissant \u00e0 M. Tam d\u2019avoir si g\u00e9n\u00e9reusement transmis son art du Tai Chi, la m\u00e9ditation, une philosophie et une certaine psychologie. Le Yi King dit que \u201c<em>Tout est transformation<\/em>\u201d. M. Tam a transform\u00e9 mon corps, mon \u00e2me et mon esprit. Je lui doit d\u2019\u00eatre la personne que je suis devenue aujourd\u2019hui. Il demeurera mon ma\u00eetre pour toute ma vie. Un grand ma\u00eetre de tr\u00e8s haut niveau. \u201c<em>Ouvre ton esprit<\/em>\u201d\u2013 je m\u2019en souviendrai.\u201d<\/p>\n<\/div>\n<\/div>\n<\/div><\/div><div id=\"panel-155-0-0-1\" class=\"so-panel widget widget_sow-editor\" data-index=\"1\" ><div class=\"so-widget-sow-editor so-widget-sow-editor-base\">\n<div class=\"siteorigin-widget-tinymce textwidget\">\n\t<div style=\"text-align: justify;\">\n<h3><img loading=\"lazy\" class=\"size-full wp-image-99 alignleft\" src=\"http:\/\/taichiresearchinstitute.ca\/wp-content\/uploads\/2017\/02\/page-ornament-small.png\" alt=\"\" width=\"80\" height=\"80\" srcset=\"http:\/\/taichiresearchinstitute.ca\/wp-content\/uploads\/2017\/02\/page-ornament-small.png 80w, http:\/\/taichiresearchinstitute.ca\/wp-content\/uploads\/2017\/02\/page-ornament-small-60x60.png 60w\" sizes=\"(max-width: 80px) 100vw, 80px\" \/><strong>J. Cloutier.<\/strong><\/h3>\n<p>\u201cSes paroles sont une grande le\u00e7on de vie. M. Tam est un professeur de vie. Le regarder faire son Tai-chi c'est contempler la douceur de la soie, le courant d'une rivi\u00e8re et la force d'un arbre g\u00e9ant.\u201d<\/p>\n<\/div>\n<\/div>\n<\/div><\/div><div id=\"panel-155-0-0-2\" class=\"so-panel widget widget_sow-editor\" data-index=\"2\" ><div class=\"so-widget-sow-editor so-widget-sow-editor-base\">\n<div class=\"siteorigin-widget-tinymce textwidget\">\n\t<div style=\"text-align: justify;\">\n<h3><img loading=\"lazy\" class=\"size-full wp-image-99 alignleft\" src=\"http:\/\/taichiresearchinstitute.ca\/wp-content\/uploads\/2017\/02\/page-ornament-small.png\" alt=\"\" width=\"80\" height=\"80\" srcset=\"http:\/\/taichiresearchinstitute.ca\/wp-content\/uploads\/2017\/02\/page-ornament-small.png 80w, http:\/\/taichiresearchinstitute.ca\/wp-content\/uploads\/2017\/02\/page-ornament-small-60x60.png 60w\" sizes=\"(max-width: 80px) 100vw, 80px\" \/><strong>C. Grenier.<\/strong><\/h3>\n<p>\u201cM. Tam, il vous observe, il se moque gentiment de vous, il vous corrige, et puis surgit la gr\u00e2ce lorsqu\u2019il se met \u00e0 bouger. Et c\u2019est un v\u00e9ritable \"<em>\u00e9tat de gr\u00e2ce<\/em>\". C\u2019est \u00e7a qui va nous manquer \u00e0 tous, car son enseignement, c\u2019est l\u2019exigence du \u00ab Cent fois sur le m\u00e9tier, remettez votre ouvrage \u00bb; son enseignement, c\u2019est un fil int\u00e9rieur qui se d\u00e9veloppe et nous ancre au c\u0153ur de ce qu\u2019il y a de plus beau et de plus pr\u00e9cieux dans l\u2019\u00eatre humain.\u201d<\/p>\n<\/div>\n<\/div>\n<\/div><\/div><div id=\"panel-155-0-0-3\" class=\"so-panel widget widget_sow-editor panel-last-child\" data-index=\"3\" ><div class=\"so-widget-sow-editor so-widget-sow-editor-base\">\n<div class=\"siteorigin-widget-tinymce textwidget\">\n\t<div style=\"text-align: justify;\">\n<h3><img loading=\"lazy\" class=\"size-full wp-image-99 alignleft\" src=\"http:\/\/taichiresearchinstitute.ca\/wp-content\/uploads\/2017\/02\/page-ornament-small.png\" alt=\"\" width=\"80\" height=\"80\" srcset=\"http:\/\/taichiresearchinstitute.ca\/wp-content\/uploads\/2017\/02\/page-ornament-small.png 80w, http:\/\/taichiresearchinstitute.ca\/wp-content\/uploads\/2017\/02\/page-ornament-small-60x60.png 60w\" sizes=\"(max-width: 80px) 100vw, 80px\" \/><strong> P. Snow.<\/strong><\/h3>\n<p>\u201cDepuis plus de vingt ans que je pratique le Tai Chi, l\u2019esprit et l\u2019enseignement de M. Tam m\u2019ont recentr\u00e9 \u00e0 plusieurs occasions. ...Lorsque la vie est t\u00e9nue et que tout devient lourd et gris, que l\u2019esprit de M. Tam, son \u00e9nergie et son enseignement m\u2019ont tour \u00e0 tour aid\u00e9 \u00e0 m\u2019extirper d\u2019un \u00e9tat agit\u00e9 et d\u00e9pressif et \u00e0 atteindre un \u00e9tat de consolation et de bien-\u00eatre. L'enseignement de M. Tam est vraiment un cadeau pour lequel je lui serai \u00e9ternellement reconnaissant.\u201d<\/p>\n<\/div>\n<p><script>\n  (function(i,s,o,g,r,a,m){i['GoogleAnalyticsObject']=r;i[r]=i[r]||function(){\n  (i[r].q=i[r].q||[]).push(arguments)},i[r].l=1*new Date();a=s.createElement(o),\n  m=s.getElementsByTagName(o)[0];a.async=1;a.src=g;m.parentNode.insertBefore(a,m)\n  })(window,document,'script','https:\/\/www.google-analytics.com\/analytics.js','ga');<\/p>\n<p>  ga('create', 'UA-105081715-1', 'auto');\n  ga('send', 'pageview');<\/p>\n<p><\/script><\/p>\n<\/div>\n<\/div><\/div><\/div><\/div><\/div>","protected":false},"excerpt":{"rendered":"<p>Germain Poirier. \u201cJe serai toujours reconnaissant \u00e0 M. Tam d\u2019avoir si g\u00e9n\u00e9reusement transmis son art du Tai Chi, la m\u00e9ditation, une philosophie et une certaine psychologie. Le Yi King dit que \u201cTout est transformation\u201d. M. Tam a transform\u00e9 mon corps, &hellip; <a href=\"http:\/\/taichiresearchinstitute.ca\/fr\/testimonials\/\">Lire la suite<\/a><\/p>\n","protected":false},"author":1,"featured_media":0,"parent":0,"menu_order":0,"comment_status":"closed","ping_status":"closed","template":"","meta":[],"yoast_head":"<!-- This site is optimized with the Yoast SEO plugin v17.3 - https:\/\/yoast.com\/wordpress\/plugins\/seo\/ -->\n<title>T\u00e9moignages - Taichi Research Institute<\/title>\n<meta name=\"robots\" content=\"index, follow, max-snippet:-1, max-image-preview:large, max-video-preview:-1\" \/>\n<link rel=\"canonical\" href=\"http:\/\/taichiresearchinstitute.ca\/fr\/testimonials\/\" \/>\n<meta property=\"og:locale\" content=\"fr_FR\" \/>\n<meta property=\"og:type\" content=\"article\" \/>\n<meta property=\"og:title\" content=\"T\u00e9moignages - Taichi Research Institute\" \/>\n<meta property=\"og:description\" content=\"Germain Poirier. \u201cJe serai toujours reconnaissant \u00e0 M. Tam d\u2019avoir si g\u00e9n\u00e9reusement transmis son art du Tai Chi, la m\u00e9ditation, une philosophie et une certaine psychologie. Le Yi King dit que \u201cTout est transformation\u201d. M. Tam a transform\u00e9 mon corps, &hellip; Lire la suite\" \/>\n<meta property=\"og:url\" content=\"http:\/\/taichiresearchinstitute.ca\/fr\/testimonials\/\" \/>\n<meta property=\"og:site_name\" content=\"Taichi Research Institute\" \/>\n<meta property=\"article:modified_time\" content=\"2017-08-22T03:02:28+00:00\" \/>\n<meta property=\"og:image\" content=\"http:\/\/taichiresearchinstitute.ca\/wp-content\/uploads\/2017\/02\/page-ornament-small.png\" \/>\n<meta name=\"twitter:card\" content=\"summary\" \/>\n<meta name=\"twitter:label1\" content=\"Dur\u00e9e de lecture estim\u00e9e\" \/>\n\t<meta name=\"twitter:data1\" content=\"2 minutes\" \/>\n<script type=\"application\/ld+json\" class=\"yoast-schema-graph\">{\"@context\":\"https:\/\/schema.org\",\"@graph\":[{\"@type\":\"WebSite\",\"@id\":\"https:\/\/taichiresearchinstitute.ca\/#website\",\"url\":\"https:\/\/taichiresearchinstitute.ca\/\",\"name\":\"Taichi Research Institute\",\"description\":\"\",\"potentialAction\":[{\"@type\":\"SearchAction\",\"target\":{\"@type\":\"EntryPoint\",\"urlTemplate\":\"https:\/\/taichiresearchinstitute.ca\/?s={search_term_string}\"},\"query-input\":\"required name=search_term_string\"}],\"inLanguage\":\"fr-FR\"},{\"@type\":\"ImageObject\",\"@id\":\"http:\/\/taichiresearchinstitute.ca\/fr\/testimonials\/#primaryimage\",\"inLanguage\":\"fr-FR\",\"url\":\"http:\/\/taichiresearchinstitute.ca\/wp-content\/uploads\/2017\/02\/page-ornament-small.png\",\"contentUrl\":\"http:\/\/taichiresearchinstitute.ca\/wp-content\/uploads\/2017\/02\/page-ornament-small.png\",\"width\":80,\"height\":80},{\"@type\":\"WebPage\",\"@id\":\"http:\/\/taichiresearchinstitute.ca\/fr\/testimonials\/#webpage\",\"url\":\"http:\/\/taichiresearchinstitute.ca\/fr\/testimonials\/\",\"name\":\"T\\u00e9moignages - Taichi Research Institute\",\"isPartOf\":{\"@id\":\"https:\/\/taichiresearchinstitute.ca\/#website\"},\"primaryImageOfPage\":{\"@id\":\"http:\/\/taichiresearchinstitute.ca\/fr\/testimonials\/#primaryimage\"},\"datePublished\":\"2017-02-22T03:38:08+00:00\",\"dateModified\":\"2017-08-22T03:02:28+00:00\",\"breadcrumb\":{\"@id\":\"http:\/\/taichiresearchinstitute.ca\/fr\/testimonials\/#breadcrumb\"},\"inLanguage\":\"fr-FR\",\"potentialAction\":[{\"@type\":\"ReadAction\",\"target\":[\"http:\/\/taichiresearchinstitute.ca\/fr\/testimonials\/\"]}]},{\"@type\":\"BreadcrumbList\",\"@id\":\"http:\/\/taichiresearchinstitute.ca\/fr\/testimonials\/#breadcrumb\",\"itemListElement\":[{\"@type\":\"ListItem\",\"position\":1,\"name\":\"Home\",\"item\":\"http:\/\/taichiresearchinstitute.ca\/fr\/\"},{\"@type\":\"ListItem\",\"position\":2,\"name\":\"T\\u00e9moignages\"}]}]}<\/script>\n<!-- \/ Yoast SEO plugin. -->","yoast_head_json":{"title":"T\u00e9moignages - Taichi Research Institute","robots":{"index":"index","follow":"follow","max-snippet":"max-snippet:-1","max-image-preview":"max-image-preview:large","max-video-preview":"max-video-preview:-1"},"canonical":"http:\/\/taichiresearchinstitute.ca\/fr\/testimonials\/","og_locale":"fr_FR","og_type":"article","og_title":"T\u00e9moignages - Taichi Research Institute","og_description":"Germain Poirier. \u201cJe serai toujours reconnaissant \u00e0 M. Tam d\u2019avoir si g\u00e9n\u00e9reusement transmis son art du Tai Chi, la m\u00e9ditation, une philosophie et une certaine psychologie. Le Yi King dit que \u201cTout est transformation\u201d. M. Tam a transform\u00e9 mon corps, &hellip; Lire la suite","og_url":"http:\/\/taichiresearchinstitute.ca\/fr\/testimonials\/","og_site_name":"Taichi Research Institute","article_modified_time":"2017-08-22T03:02:28+00:00","og_image":[{"url":"http:\/\/taichiresearchinstitute.ca\/wp-content\/uploads\/2017\/02\/page-ornament-small.png"}],"twitter_card":"summary","twitter_misc":{"Dur\u00e9e de lecture estim\u00e9e":"2 minutes"},"schema":{"@context":"https:\/\/schema.org","@graph":[{"@type":"WebSite","@id":"https:\/\/taichiresearchinstitute.ca\/#website","url":"https:\/\/taichiresearchinstitute.ca\/","name":"Taichi Research Institute","description":"","potentialAction":[{"@type":"SearchAction","target":{"@type":"EntryPoint","urlTemplate":"https:\/\/taichiresearchinstitute.ca\/?s={search_term_string}"},"query-input":"required name=search_term_string"}],"inLanguage":"fr-FR"},{"@type":"ImageObject","@id":"http:\/\/taichiresearchinstitute.ca\/fr\/testimonials\/#primaryimage","inLanguage":"fr-FR","url":"http:\/\/taichiresearchinstitute.ca\/wp-content\/uploads\/2017\/02\/page-ornament-small.png","contentUrl":"http:\/\/taichiresearchinstitute.ca\/wp-content\/uploads\/2017\/02\/page-ornament-small.png","width":80,"height":80},{"@type":"WebPage","@id":"http:\/\/taichiresearchinstitute.ca\/fr\/testimonials\/#webpage","url":"http:\/\/taichiresearchinstitute.ca\/fr\/testimonials\/","name":"T\u00e9moignages - Taichi Research Institute","isPartOf":{"@id":"https:\/\/taichiresearchinstitute.ca\/#website"},"primaryImageOfPage":{"@id":"http:\/\/taichiresearchinstitute.ca\/fr\/testimonials\/#primaryimage"},"datePublished":"2017-02-22T03:38:08+00:00","dateModified":"2017-08-22T03:02:28+00:00","breadcrumb":{"@id":"http:\/\/taichiresearchinstitute.ca\/fr\/testimonials\/#breadcrumb"},"inLanguage":"fr-FR","potentialAction":[{"@type":"ReadAction","target":["http:\/\/taichiresearchinstitute.ca\/fr\/testimonials\/"]}]},{"@type":"BreadcrumbList","@id":"http:\/\/taichiresearchinstitute.ca\/fr\/testimonials\/#breadcrumb","itemListElement":[{"@type":"ListItem","position":1,"name":"Home","item":"http:\/\/taichiresearchinstitute.ca\/fr\/"},{"@type":"ListItem","position":2,"name":"T\u00e9moignages"}]}]}},"_links":{"self":[{"href":"http:\/\/taichiresearchinstitute.ca\/fr\/wp-json\/wp\/v2\/pages\/155"}],"collection":[{"href":"http:\/\/taichiresearchinstitute.ca\/fr\/wp-json\/wp\/v2\/pages"}],"about":[{"href":"http:\/\/taichiresearchinstitute.ca\/fr\/wp-json\/wp\/v2\/types\/page"}],"author":[{"embeddable":true,"href":"http:\/\/taichiresearchinstitute.ca\/fr\/wp-json\/wp\/v2\/users\/1"}],"replies":[{"embeddable":true,"href":"http:\/\/taichiresearchinstitute.ca\/fr\/wp-json\/wp\/v2\/comments?post=155"}],"version-history":[{"count":5,"href":"http:\/\/taichiresearchinstitute.ca\/fr\/wp-json\/wp\/v2\/pages\/155\/revisions"}],"predecessor-version":[{"id":201,"href":"http:\/\/taichiresearchinstitute.ca\/fr\/wp-json\/wp\/v2\/pages\/155\/revisions\/201"}],"wp:attachment":[{"href":"http:\/\/taichiresearchinstitute.ca\/fr\/wp-json\/wp\/v2\/media?parent=155"}],"curies":[{"name":"wp","href":"https:\/\/api.w.org\/{rel}","templated":true}]}}